{"id":152,"date":"2020-10-04T09:15:50","date_gmt":"2020-10-04T08:15:50","guid":{"rendered":"http:\/\/novi-web.ssspdp.ba\/?page_id=152"},"modified":"2020-10-18T10:43:38","modified_gmt":"2020-10-18T09:43:38","slug":"prestanak-clanstva","status":"publish","type":"page","link":"https:\/\/ssspdp.ba\/?page_id=152","title":{"rendered":"Prestanak \u010dlanstva"},"content":{"rendered":"<p>[et_pb_section fb_built=&#8221;1&#8243; fullwidth=&#8221;on&#8221; _builder_version=&#8221;4.6.6&#8243; _module_preset=&#8221;default&#8221;][et_pb_fullwidth_image title_text=&#8221;clanstvoform&#8221; _builder_version=&#8221;4.6.6&#8243; _module_preset=&#8221;default&#8221; background_image=&#8221;http:\/\/ssspdp.ba\/wp-content\/uploads\/2020\/10\/clanstvoform.jpg&#8221; height=&#8221;300px&#8221;][\/et_pb_fullwidth_image][\/et_pb_section][et_pb_section fb_built=&#8221;1&#8243; _builder_version=&#8221;4.6.6&#8243; _module_preset=&#8221;default&#8221; custom_margin=&#8221;||||false|false&#8221; custom_padding=&#8221;50px||70px||false|false&#8221; hover_enabled=&#8221;0&#8243; sticky_enabled=&#8221;0&#8243;][et_pb_row column_structure=&#8221;3_4,1_4&#8243; _builder_version=&#8221;4.6.5&#8243; _module_preset=&#8221;default&#8221; custom_margin=&#8221;-30px|auto||auto||&#8221; custom_padding=&#8221;19px|||||&#8221;][et_pb_column type=&#8221;3_4&#8243; _builder_version=&#8221;4.6.5&#8243; _module_preset=&#8221;default&#8221;][et_pb_post_title meta=&#8221;off&#8221; featured_image=&#8221;off&#8221; _builder_version=&#8221;4.6.5&#8243; _module_preset=&#8221;default&#8221; title_font=&#8221;|||on|||||&#8221;][\/et_pb_post_title][et_pb_text _builder_version=&#8221;4.6.5&#8243; _module_preset=&#8221;default&#8221; text_font_size=&#8221;16px&#8221;]<\/p>\n<p>\u010clanstvo u ovom Sindikatu prestaje:<\/p>\n<ul>\n<li>prelaskom u drugi sindikat,<\/li>\n<li>istupanjem,<\/li>\n<li>isklju\u010denjem i<\/li>\n<li>smr\u0107u.<\/li>\n<\/ul>\n<p>Prestankom \u010dlanstva poni\u0161tavaju se svi zahtjevi i prava \u010dlana u odnosu na Sindikat i na sindikalnu imovinu. Sindikalna iskaznica i svi drugi predmeti koji su svojina ovog Sindikata moraju se, nakon prestanka \u010dlanstva, vratiti povjereni\u0161tvu sindikalne podru\u017enice.<\/p>\n<p>\u010clan Sindikata mo\u017ee istupiti na osnovu potpisane istupnice uz podmirivanje svih obaveza. \u010clan mora istupnicu uru\u010diti povjereniku podru\u017enice. Prilikom istupanja \u010dlan ima pravo da dobije potvrdu o vremenskom razdoblju \u010dlanstva i o pla\u0107enoj \u010dlanarini.<\/p>\n<p>Isklju\u010di\u0107e se iz Sindikata \u010dlan ili sindikalna podru\u017enica ako \u0161teti interesima Sindikata:<\/p>\n<ul>\n<li>ako ne provodi zaklju\u010dke nadle\u017enih sindikalnih organa,<\/li>\n<li>\u010dini djela protiv slobodnog, demokratskog ustavnog poretka Bosne i Hercegovine,<\/li>\n<li>ako po\u010dini prekr\u0161aje utaje, pronevjere ili kra\u0111e sindikalne imovine, krivotvori ili falsificira obra\u010dun \u010dlanarine, ili na drugi na\u010din te\u017ee o\u0161teti interese Sindikata,<\/li>\n<li>ako tri mjeseca, zaredom nije platio \u010dlanarinu,<\/li>\n<li>ako prestane radni odnos u preduze\u0107u krivicom \u010dlana Sindikata.<\/li>\n<\/ul>\n<p>Isklju\u010deni \u010dlan mo\u017ee biti ponovo primljen u Sindikat uz mi\u0161ljenje povjereni\u0161tva sindikalne podru\u017enice. Odluku o tome donosi Statutarna komisija Sindikata.<\/p>\n<p>Pri ponovnom pristupanju predo\u010duje se potvrda o prethodnom \u010dlanstvu u ovom Sindikatu.<\/p>\n<p>Ako \u010dlan Sindikata koristi zakonsku mogu\u0107nost mirovanja prava iz radnog odnosa, ali ne du\u017ee od godinu dana, za to vrijeme miruju prava i obaveze utvrdjene ovim Statutom.<\/p>\n<p>Ukoliko se nastali spor ne mo\u017ee rije\u0161iti mirnim na\u010dinom, spor \u0107e se ustupiti arbitra\u017ei.<\/p>\n<p>Arbitra\u017eno vije\u0107e od pet \u010dlanova imenuje Izvr\u0161ni odbor Sindikata.<\/p>\n<p>\u010clanovi arbitra\u017enog vije\u0107a ne mogu biti iz sindikalnih podru\u017enica koje su u sporu.<\/p>\n<h4><strong><\/strong><\/h4>\n<h4><strong><\/strong><\/h4>\n<h4><strong>ISTUPANJE\/ISKLJU\u010cENJE:<\/strong><\/h4>\n<p>\u010clanstvo u ovom Sindikatu prestaje:<\/p>\n<ul>\n<li>prelaskom u drugi sindikat,<\/li>\n<li>istupanjem,<\/li>\n<li>isklju\u010denjem i<\/li>\n<li>smr\u0107u.<\/li>\n<\/ul>\n<p>Prestankom \u010dlanstva poni\u0161tavaju se svi zahtjevi i prava \u010dlana u odnosu na Sindikat i na sindikalnu imovinu. Sindikalna iskaznica i svi drugi predmeti koji su svojina ovog Sindikata moraju se, nakon prestanka \u010dlanstva, vratiti povjereni\u0161tvu sindikalne podru\u017enice.<\/p>\n<p>\u010clan Sindikata mo\u017ee istupiti na osnovu potpisane istupnice uz podmirivanje svih obaveza. \u010clan mora istupnicu uru\u010diti povjereniku podru\u017enice. Prilikom istupanja \u010dlan ima pravo da dobije potvrdu o vremenskom razdoblju \u010dlanstva i o pla\u0107enoj \u010dlanarini.<\/p>\n<p>Isklju\u010di\u0107e se iz Sindikata \u010dlan ili sindikalna podru\u017enica ako \u0161teti interesima Sindikata:<\/p>\n<ul>\n<li>ako ne provodi zaklju\u010dke nadle\u017enih sindikalnih organa,<\/li>\n<li>\u010dini djela protiv slobodnog, demokratskog ustavnog poretka Bosne i Hercegovine,<\/li>\n<li>ako po\u010dini prekr\u0161aje utaje, pronevjere ili kra\u0111e sindikalne imovine, krivotvori ili falsificira obra\u010dun \u010dlanarine, ili na drugi na\u010din te\u017ee o\u0161teti interese Sindikata,<\/li>\n<li>ako tri mjeseca, zaredom nije platio \u010dlanarinu,<\/li>\n<li>ako prestane radni odnos u preduze\u0107u krivicom \u010dlana Sindikata.<\/li>\n<\/ul>\n<p>[\/et_pb_text][\/et_pb_column][et_pb_column type=&#8221;1_4&#8243; _builder_version=&#8221;4.6.5&#8243; _module_preset=&#8221;default&#8221;][et_pb_menu menu_id=&#8221;31&#8243; dropdown_menu_bg_color=&#8221;#d8d8d8&#8243; dropdown_menu_line_color=&#8221;#7f7f7f&#8221; dropdown_menu_text_color=&#8221;#009649&#8243; dropdown_menu_active_link_color=&#8221;#005F33&#8243; _builder_version=&#8221;4.6.5&#8243; _module_preset=&#8221;default&#8221; menu_font=&#8221;Montserrat|700||on|||||&#8221; menu_letter_spacing=&#8221;1px&#8221; menu_line_height=&#8221;1.8em&#8221;][\/et_pb_menu][\/et_pb_column][\/et_pb_row][\/et_pb_section]<\/p>\n<span class=\"et_bloom_bottom_trigger\"><\/span>","protected":false},"excerpt":{"rendered":"<p>\u010clanstvo u ovom Sindikatu prestaje: prelaskom u drugi sindikat, istupanjem, isklju\u010denjem i smr\u0107u. Prestankom \u010dlanstva poni\u0161tavaju se svi zahtjevi i prava \u010dlana u odnosu na Sindikat i na sindikalnu imovinu. Sindikalna iskaznica i svi drugi predmeti koji su svojina ovog Sindikata moraju se, nakon prestanka \u010dlanstva, vratiti povjereni\u0161tvu sindikalne podru\u017enice. \u010clan Sindikata mo\u017ee istupiti na [&hellip;]<\/p>\n","protected":false},"author":1,"featured_media":0,"parent":47,"menu_order":1,"comment_status":"closed","ping_status":"closed","template":"","meta":{"_et_pb_use_builder":"on","_et_pb_old_content":"<!-- wp:divi\/placeholder \/-->","_et_gb_content_width":"","footnotes":""},"class_list":["post-152","page","type-page","status-publish","hentry"],"yoast_head":"<!-- This site is optimized with the Yoast SEO plugin v27.5 - https:\/\/yoast.com\/product\/yoast-seo-wordpress\/ -->\n<title>Prestanak \u010dlanstva - Samostalni sindikat \u0161umarstva, prerade drveta i papira Bosne i Hercegovine<\/title>\n<meta name=\"robots\" content=\"index, follow, max-snippet:-1, max-image-preview:large, max-video-preview:-1\" \/>\n<link rel=\"canonical\" href=\"https:\/\/ssspdp.ba\/?page_id=152\" \/>\n<meta property=\"og:locale\" content=\"en_US\" \/>\n<meta property=\"og:type\" content=\"article\" \/>\n<meta property=\"og:title\" content=\"Prestanak \u010dlanstva - Samostalni sindikat \u0161umarstva, prerade drveta i papira Bosne i Hercegovine\" \/>\n<meta property=\"og:description\" content=\"\u010clanstvo u ovom Sindikatu prestaje: prelaskom u drugi sindikat, istupanjem, isklju\u010denjem i smr\u0107u. Prestankom \u010dlanstva poni\u0161tavaju se svi zahtjevi i prava \u010dlana u odnosu na Sindikat i na sindikalnu imovinu. Sindikalna iskaznica i svi drugi predmeti koji su svojina ovog Sindikata moraju se, nakon prestanka \u010dlanstva, vratiti povjereni\u0161tvu sindikalne podru\u017enice. \u010clan Sindikata mo\u017ee istupiti na [&hellip;]\" \/>\n<meta property=\"og:url\" content=\"https:\/\/ssspdp.ba\/?page_id=152\" \/>\n<meta property=\"og:site_name\" content=\"Samostalni sindikat \u0161umarstva, prerade drveta i papira Bosne i Hercegovine\" \/>\n<meta property=\"article:publisher\" content=\"https:\/\/www.facebook.com\/Samostalni-sindikat-%c5%a1umarstva-prerade-drveta-i-papira-BiH-1740799582820896\/?ref=page_internal\" \/>\n<meta property=\"article:modified_time\" content=\"2020-10-18T09:43:38+00:00\" \/>\n<meta name=\"twitter:card\" content=\"summary_large_image\" \/>\n<meta name=\"twitter:label1\" content=\"Est. reading time\" \/>\n\t<meta name=\"twitter:data1\" content=\"3 minutes\" \/>\n<script type=\"application\/ld+json\" class=\"yoast-schema-graph\">{\"@context\":\"https:\\\/\\\/schema.org\",\"@graph\":[{\"@type\":\"WebPage\",\"@id\":\"https:\\\/\\\/ssspdp.ba\\\/?page_id=152\",\"url\":\"https:\\\/\\\/ssspdp.ba\\\/?page_id=152\",\"name\":\"Prestanak \u010dlanstva - Samostalni sindikat \u0161umarstva, prerade drveta i papira Bosne i Hercegovine\",\"isPartOf\":{\"@id\":\"https:\\\/\\\/ssspdp.ba\\\/#website\"},\"datePublished\":\"2020-10-04T08:15:50+00:00\",\"dateModified\":\"2020-10-18T09:43:38+00:00\",\"breadcrumb\":{\"@id\":\"https:\\\/\\\/ssspdp.ba\\\/?page_id=152#breadcrumb\"},\"inLanguage\":\"en-US\",\"potentialAction\":[{\"@type\":\"ReadAction\",\"target\":[\"https:\\\/\\\/ssspdp.ba\\\/?page_id=152\"]}]},{\"@type\":\"BreadcrumbList\",\"@id\":\"https:\\\/\\\/ssspdp.ba\\\/?page_id=152#breadcrumb\",\"itemListElement\":[{\"@type\":\"ListItem\",\"position\":1,\"name\":\"Home\",\"item\":\"https:\\\/\\\/ssspdp.ba\\\/\"},{\"@type\":\"ListItem\",\"position\":2,\"name\":\"\u010clanstvo\",\"item\":\"https:\\\/\\\/ssspdp.ba\\\/?page_id=47\"},{\"@type\":\"ListItem\",\"position\":3,\"name\":\"Prestanak \u010dlanstva\"}]},{\"@type\":\"WebSite\",\"@id\":\"https:\\\/\\\/ssspdp.ba\\\/#website\",\"url\":\"https:\\\/\\\/ssspdp.ba\\\/\",\"name\":\"Samostalni sindikat \u0161umarstva, prerade drveta i papira Bosne i Hercegovine\",\"description\":\"\",\"publisher\":{\"@id\":\"https:\\\/\\\/ssspdp.ba\\\/#organization\"},\"potentialAction\":[{\"@type\":\"SearchAction\",\"target\":{\"@type\":\"EntryPoint\",\"urlTemplate\":\"https:\\\/\\\/ssspdp.ba\\\/?s={search_term_string}\"},\"query-input\":{\"@type\":\"PropertyValueSpecification\",\"valueRequired\":true,\"valueName\":\"search_term_string\"}}],\"inLanguage\":\"en-US\"},{\"@type\":\"Organization\",\"@id\":\"https:\\\/\\\/ssspdp.ba\\\/#organization\",\"name\":\"Samostalni sindikat \u0161umarstva, prerade drveta i papira Bosne i Hercegovine\",\"url\":\"https:\\\/\\\/ssspdp.ba\\\/\",\"logo\":{\"@type\":\"ImageObject\",\"inLanguage\":\"en-US\",\"@id\":\"https:\\\/\\\/ssspdp.ba\\\/#\\\/schema\\\/logo\\\/image\\\/\",\"url\":\"https:\\\/\\\/ssspdp.ba\\\/wp-content\\\/uploads\\\/2020\\\/10\\\/web-logo.png\",\"contentUrl\":\"https:\\\/\\\/ssspdp.ba\\\/wp-content\\\/uploads\\\/2020\\\/10\\\/web-logo.png\",\"width\":623,\"height\":100,\"caption\":\"Samostalni sindikat \u0161umarstva, prerade drveta i papira Bosne i Hercegovine\"},\"image\":{\"@id\":\"https:\\\/\\\/ssspdp.ba\\\/#\\\/schema\\\/logo\\\/image\\\/\"},\"sameAs\":[\"https:\\\/\\\/www.facebook.com\\\/Samostalni-sindikat-\u0161umarstva-prerade-drveta-i-papira-BiH-1740799582820896\\\/?ref=page_internal\"]}]}<\/script>\n<!-- \/ Yoast SEO plugin. -->","yoast_head_json":{"title":"Prestanak \u010dlanstva - Samostalni sindikat \u0161umarstva, prerade drveta i papira Bosne i Hercegovine","robots":{"index":"index","follow":"follow","max-snippet":"max-snippet:-1","max-image-preview":"max-image-preview:large","max-video-preview":"max-video-preview:-1"},"canonical":"https:\/\/ssspdp.ba\/?page_id=152","og_locale":"en_US","og_type":"article","og_title":"Prestanak \u010dlanstva - Samostalni sindikat \u0161umarstva, prerade drveta i papira Bosne i Hercegovine","og_description":"\u010clanstvo u ovom Sindikatu prestaje: prelaskom u drugi sindikat, istupanjem, isklju\u010denjem i smr\u0107u. Prestankom \u010dlanstva poni\u0161tavaju se svi zahtjevi i prava \u010dlana u odnosu na Sindikat i na sindikalnu imovinu. Sindikalna iskaznica i svi drugi predmeti koji su svojina ovog Sindikata moraju se, nakon prestanka \u010dlanstva, vratiti povjereni\u0161tvu sindikalne podru\u017enice. \u010clan Sindikata mo\u017ee istupiti na [&hellip;]","og_url":"https:\/\/ssspdp.ba\/?page_id=152","og_site_name":"Samostalni sindikat \u0161umarstva, prerade drveta i papira Bosne i Hercegovine","article_publisher":"https:\/\/www.facebook.com\/Samostalni-sindikat-%c5%a1umarstva-prerade-drveta-i-papira-BiH-1740799582820896\/?ref=page_internal","article_modified_time":"2020-10-18T09:43:38+00:00","twitter_card":"summary_large_image","twitter_misc":{"Est. reading time":"3 minutes"},"schema":{"@context":"https:\/\/schema.org","@graph":[{"@type":"WebPage","@id":"https:\/\/ssspdp.ba\/?page_id=152","url":"https:\/\/ssspdp.ba\/?page_id=152","name":"Prestanak \u010dlanstva - Samostalni sindikat \u0161umarstva, prerade drveta i papira Bosne i Hercegovine","isPartOf":{"@id":"https:\/\/ssspdp.ba\/#website"},"datePublished":"2020-10-04T08:15:50+00:00","dateModified":"2020-10-18T09:43:38+00:00","breadcrumb":{"@id":"https:\/\/ssspdp.ba\/?page_id=152#breadcrumb"},"inLanguage":"en-US","potentialAction":[{"@type":"ReadAction","target":["https:\/\/ssspdp.ba\/?page_id=152"]}]},{"@type":"BreadcrumbList","@id":"https:\/\/ssspdp.ba\/?page_id=152#breadcrumb","itemListElement":[{"@type":"ListItem","position":1,"name":"Home","item":"https:\/\/ssspdp.ba\/"},{"@type":"ListItem","position":2,"name":"\u010clanstvo","item":"https:\/\/ssspdp.ba\/?page_id=47"},{"@type":"ListItem","position":3,"name":"Prestanak \u010dlanstva"}]},{"@type":"WebSite","@id":"https:\/\/ssspdp.ba\/#website","url":"https:\/\/ssspdp.ba\/","name":"Samostalni sindikat \u0161umarstva, prerade drveta i papira Bosne i Hercegovine","description":"","publisher":{"@id":"https:\/\/ssspdp.ba\/#organization"},"potentialAction":[{"@type":"SearchAction","target":{"@type":"EntryPoint","urlTemplate":"https:\/\/ssspdp.ba\/?s={search_term_string}"},"query-input":{"@type":"PropertyValueSpecification","valueRequired":true,"valueName":"search_term_string"}}],"inLanguage":"en-US"},{"@type":"Organization","@id":"https:\/\/ssspdp.ba\/#organization","name":"Samostalni sindikat \u0161umarstva, prerade drveta i papira Bosne i Hercegovine","url":"https:\/\/ssspdp.ba\/","logo":{"@type":"ImageObject","inLanguage":"en-US","@id":"https:\/\/ssspdp.ba\/#\/schema\/logo\/image\/","url":"https:\/\/ssspdp.ba\/wp-content\/uploads\/2020\/10\/web-logo.png","contentUrl":"https:\/\/ssspdp.ba\/wp-content\/uploads\/2020\/10\/web-logo.png","width":623,"height":100,"caption":"Samostalni sindikat \u0161umarstva, prerade drveta i papira Bosne i Hercegovine"},"image":{"@id":"https:\/\/ssspdp.ba\/#\/schema\/logo\/image\/"},"sameAs":["https:\/\/www.facebook.com\/Samostalni-sindikat-\u0161umarstva-prerade-drveta-i-papira-BiH-1740799582820896\/?ref=page_internal"]}]}},"_links":{"self":[{"href":"https:\/\/ssspdp.ba\/index.php?rest_route=\/wp\/v2\/pages\/152","targetHints":{"allow":["GET"]}}],"collection":[{"href":"https:\/\/ssspdp.ba\/index.php?rest_route=\/wp\/v2\/pages"}],"about":[{"href":"https:\/\/ssspdp.ba\/index.php?rest_route=\/wp\/v2\/types\/page"}],"author":[{"embeddable":true,"href":"https:\/\/ssspdp.ba\/index.php?rest_route=\/wp\/v2\/users\/1"}],"replies":[{"embeddable":true,"href":"https:\/\/ssspdp.ba\/index.php?rest_route=%2Fwp%2Fv2%2Fcomments&post=152"}],"version-history":[{"count":6,"href":"https:\/\/ssspdp.ba\/index.php?rest_route=\/wp\/v2\/pages\/152\/revisions"}],"predecessor-version":[{"id":634,"href":"https:\/\/ssspdp.ba\/index.php?rest_route=\/wp\/v2\/pages\/152\/revisions\/634"}],"up":[{"embeddable":true,"href":"https:\/\/ssspdp.ba\/index.php?rest_route=\/wp\/v2\/pages\/47"}],"wp:attachment":[{"href":"https:\/\/ssspdp.ba\/index.php?rest_route=%2Fwp%2Fv2%2Fmedia&parent=152"}],"curies":[{"name":"wp","href":"https:\/\/api.w.org\/{rel}","templated":true}]}}