{"id":45,"date":"2020-10-03T17:25:01","date_gmt":"2020-10-03T16:25:01","guid":{"rendered":"http:\/\/novi-web.ssspdp.ba\/?page_id=45"},"modified":"2020-10-18T10:02:20","modified_gmt":"2020-10-18T09:02:20","slug":"o-sindikatu","status":"publish","type":"page","link":"https:\/\/ssspdp.ba\/?page_id=45","title":{"rendered":"O sindikatu"},"content":{"rendered":"<p>[et_pb_section fb_built=&#8221;1&#8243; fullwidth=&#8221;on&#8221; _builder_version=&#8221;4.6.6&#8243; _module_preset=&#8221;default&#8221; background_image=&#8221;http:\/\/ssspdp.ba\/wp-content\/uploads\/2020\/10\/873&#215;400.jpg&#8221; background_position=&#8221;bottom_center&#8221; module_alignment=&#8221;center&#8221; height=&#8221;400px&#8221; hover_enabled=&#8221;0&#8243; custom_padding=&#8221;||||false|false&#8221; sticky_enabled=&#8221;0&#8243;][\/et_pb_section][et_pb_section fb_built=&#8221;1&#8243; _builder_version=&#8221;4.6.6&#8243; _module_preset=&#8221;default&#8221; hover_enabled=&#8221;0&#8243; custom_padding=&#8221;40px||40px||false|false&#8221; sticky_enabled=&#8221;0&#8243;][et_pb_row column_structure=&#8221;3_4,1_4&#8243; _builder_version=&#8221;4.6.5&#8243; _module_preset=&#8221;default&#8221;][et_pb_column type=&#8221;3_4&#8243; _builder_version=&#8221;4.6.5&#8243; _module_preset=&#8221;default&#8221;][et_pb_post_title meta=&#8221;off&#8221; featured_image=&#8221;off&#8221; _builder_version=&#8221;4.6.5&#8243; _module_preset=&#8221;default&#8221; title_font=&#8221;Montserrat|600||on|||||&#8221;][\/et_pb_post_title][et_pb_text _builder_version=&#8221;4.6.5&#8243; _module_preset=&#8221;default&#8221; text_font_size=&#8221;16px&#8221; text_line_height=&#8221;1.9em&#8221; custom_padding=&#8221;||40px|||&#8221;]<\/p>\n<p><strong>Samostalni sindikat \u0161umarstva, prerade drveta i papira Bosne i Hercegovine<\/strong>\u00a0(skra\u0107eno:\u00a0<strong>SS\u0160PDP BiH<\/strong>) je osnovan\u00a0<strong>30. maja 1990.<\/strong>\u00a0godine i registrovan kao samostalna organizacija. Me\u0111utim, prvi Savez drvodjelskih radnika osnovan je 26. oktobra 1905. godine, od kada se mo\u017ee pratiti historija ovog Sindikata.<\/p>\n<p>SS\u0160PDP BiH sada broji oko 10.200 \u010dlanova, u okviru bran\u0161i \u0161umarstva, prerade drveta i papira. Sindikat je \u010dlan\u00a0<strong>Saveza samostalnih sindikata Bosne i Hercegovine<\/strong>\u00a0i\u00a0<strong>Me\u0111unarodne federacije radnika gradjevinarstva i drvne industrije \u2013 IFBWW<\/strong>. Kontakt \u010dlanova sa Sindikatom se odvija putem podru\u017enice kojoj \u010dlan pripada i preko povjerenika.<\/p>\n<p>Samostalni sindikat \u0161umarstva, prerade drveta i papira Bosne i Hercegovine organizuje oko 10.200 \u010dlanova u okviru sljede\u0107ih djelatnosti:<\/p>\n<p>\u2013 \u0161umarstva,<\/p>\n<p>\u2013 prerade drveta,<\/p>\n<p>\u2013 proizvodnje namje\u0161taja,<\/p>\n<p>\u2013 proizvodnja celuloze, papira i proizvoda od papira,<\/p>\n<p>a uz to i druge djelatnosti koje prirodno potpadaju pod podru\u010dje granskog sindikata.<\/p>\n<p>[\/et_pb_text][\/et_pb_column][et_pb_column type=&#8221;1_4&#8243; _builder_version=&#8221;4.6.5&#8243; _module_preset=&#8221;default&#8221;][et_pb_image src=&#8221;http:\/\/ssspdp.ba\/wp-content\/uploads\/2020\/10\/znak-logo.jpg&#8221; title_text=&#8221;znak-logo&#8221; _builder_version=&#8221;4.6.5&#8243; _module_preset=&#8221;default&#8221; custom_padding=&#8221;0px|||||&#8221;][\/et_pb_image][\/et_pb_column][\/et_pb_row][et_pb_row _builder_version=&#8221;4.6.5&#8243; _module_preset=&#8221;default&#8221;][et_pb_column type=&#8221;4_4&#8243; _builder_version=&#8221;4.6.5&#8243; _module_preset=&#8221;default&#8221;][et_pb_divider divider_weight=&#8221;3px&#8221; _builder_version=&#8221;4.6.6&#8243; _module_preset=&#8221;default&#8221; width=&#8221;151px&#8221; hover_enabled=&#8221;0&#8243; module_alignment=&#8221;center&#8221; sticky_enabled=&#8221;0&#8243;][\/et_pb_divider][et_pb_text _builder_version=&#8221;4.6.6&#8243; _module_preset=&#8221;default&#8221; custom_margin=&#8221;-25px||||false|false&#8221; hover_enabled=&#8221;0&#8243; custom_padding=&#8221;||40px|||&#8221; header_text_align=&#8221;center&#8221; header_2_text_align=&#8221;center&#8221; header_3_text_align=&#8221;center&#8221; sticky_enabled=&#8221;0&#8243;]<\/p>\n<h3>Saznajte vi\u0161e iz vezanog sadr\u017eaja<\/h3>\n<p>[\/et_pb_text][\/et_pb_column][\/et_pb_row][et_pb_row column_structure=&#8221;1_3,1_3,1_3&#8243; _builder_version=&#8221;4.6.5&#8243; _module_preset=&#8221;default&#8221;][et_pb_column type=&#8221;1_3&#8243; _builder_version=&#8221;4.6.5&#8243; _module_preset=&#8221;default&#8221;][et_pb_cta title=&#8221;Organizacija sindikata&#8221; button_url=&#8221;@ET-DC@eyJkeW5hbWljIjp0cnVlLCJjb250ZW50IjoicG9zdF9saW5rX3VybF9wYWdlIiwic2V0dGluZ3MiOnsicG9zdF9pZCI6IjYzIn19@&#8221; button_text=&#8221;Pro\u010ditaj vi\u0161e&#8221; _builder_version=&#8221;4.6.5&#8243; _dynamic_attributes=&#8221;button_url&#8221; _module_preset=&#8221;default&#8221; header_font=&#8221;Montserrat|||on|||||&#8221; custom_button=&#8221;on&#8221; button_text_size=&#8221;16px&#8221; button_icon=&#8221;%%24%%&#8221; button_on_hover=&#8221;off&#8221;]Saznajte vi\u0161e o rukovodstvu, predsjednistvu, kongresu, glavnom odboru, nadzornom odboru, statutarnoj komisiji i Statutu Sindikata.[\/et_pb_cta][\/et_pb_column][et_pb_column type=&#8221;1_3&#8243; _builder_version=&#8221;4.6.5&#8243; _module_preset=&#8221;default&#8221;][et_pb_cta title=&#8221;Statut Sindikata&#8221; button_url=&#8221;@ET-DC@eyJkeW5hbWljIjp0cnVlLCJjb250ZW50IjoicG9zdF9saW5rX3VybF9wYWdlIiwic2V0dGluZ3MiOnsicG9zdF9pZCI6IjYxIn19@&#8221; button_text=&#8221;Pro\u010ditaj vi\u0161e&#8221; _builder_version=&#8221;4.6.5&#8243; _dynamic_attributes=&#8221;button_url&#8221; _module_preset=&#8221;default&#8221; header_font=&#8221;Montserrat|||on|||||&#8221; custom_button=&#8221;on&#8221; button_text_size=&#8221;16px&#8221; button_icon=&#8221;%%24%%&#8221; button_on_hover=&#8221;off&#8221; button_custom_margin=&#8221;95px||||false|false&#8221;]<\/p>\n<div style=\"margin-top:20px;\">Upoznajte se sa Statutom Sindikata<\/div>\n<p>[\/et_pb_cta][\/et_pb_column][et_pb_column type=&#8221;1_3&#8243; _builder_version=&#8221;4.6.5&#8243; _module_preset=&#8221;default&#8221;][et_pb_cta title=&#8221;kontakt&#8221; button_url=&#8221;@ET-DC@eyJkeW5hbWljIjp0cnVlLCJjb250ZW50IjoicG9zdF9saW5rX3VybF9wYWdlIiwic2V0dGluZ3MiOnsicG9zdF9pZCI6IjY4In19@&#8221; button_text=&#8221;Pro\u010ditaj vi\u0161e&#8221; _builder_version=&#8221;4.6.5&#8243; _dynamic_attributes=&#8221;button_url&#8221; _module_preset=&#8221;default&#8221; header_font=&#8221;Montserrat|||on|||||&#8221; custom_button=&#8221;on&#8221; button_text_size=&#8221;16px&#8221; button_icon=&#8221;%%24%%&#8221; button_on_hover=&#8221;off&#8221; button_custom_margin=&#8221;95px||||false|false&#8221;]<\/p>\n<div style=\"margin-top: 20px;\">Kontakt informacije<\/div>\n<p>[\/et_pb_cta][\/et_pb_column][\/et_pb_row][\/et_pb_section]<\/p>\n<span class=\"et_bloom_bottom_trigger\"><\/span>","protected":false},"excerpt":{"rendered":"<p>Samostalni sindikat \u0161umarstva, prerade drveta i papira Bosne i Hercegovine\u00a0(skra\u0107eno:\u00a0SS\u0160PDP BiH) je osnovan\u00a030. maja 1990.\u00a0godine i registrovan kao samostalna organizacija. Me\u0111utim, prvi Savez drvodjelskih radnika osnovan je 26. oktobra 1905. godine, od kada se mo\u017ee pratiti historija ovog Sindikata. SS\u0160PDP BiH sada broji oko 10.200 \u010dlanova, u okviru bran\u0161i \u0161umarstva, prerade drveta i papira. Sindikat [&hellip;]<\/p>\n","protected":false},"author":1,"featured_media":0,"parent":0,"menu_order":0,"comment_status":"closed","ping_status":"closed","template":"","meta":{"_et_pb_use_builder":"on","_et_pb_old_content":"","_et_gb_content_width":"","footnotes":""},"yoast_head":"<!-- This site is optimized with the Yoast SEO plugin v23.5 - https:\/\/yoast.com\/wordpress\/plugins\/seo\/ -->\n<title>O sindikatu - Samostalni sindikat \u0161umarstva, prerade drveta i papira Bosne i Hercegovine<\/title>\n<meta name=\"robots\" content=\"index, follow, max-snippet:-1, max-image-preview:large, max-video-preview:-1\" \/>\n<link rel=\"canonical\" href=\"https:\/\/ssspdp.ba\/?page_id=45\" \/>\n<meta property=\"og:locale\" content=\"en_US\" \/>\n<meta property=\"og:type\" content=\"article\" \/>\n<meta property=\"og:title\" content=\"O sindikatu - Samostalni sindikat \u0161umarstva, prerade drveta i papira Bosne i Hercegovine\" \/>\n<meta property=\"og:description\" content=\"Samostalni sindikat \u0161umarstva, prerade drveta i papira Bosne i Hercegovine\u00a0(skra\u0107eno:\u00a0SS\u0160PDP BiH) je osnovan\u00a030. maja 1990.\u00a0godine i registrovan kao samostalna organizacija. Me\u0111utim, prvi Savez drvodjelskih radnika osnovan je 26. oktobra 1905. godine, od kada se mo\u017ee pratiti historija ovog Sindikata. SS\u0160PDP BiH sada broji oko 10.200 \u010dlanova, u okviru bran\u0161i \u0161umarstva, prerade drveta i papira. Sindikat [&hellip;]\" \/>\n<meta property=\"og:url\" content=\"https:\/\/ssspdp.ba\/?page_id=45\" \/>\n<meta property=\"og:site_name\" content=\"Samostalni sindikat \u0161umarstva, prerade drveta i papira Bosne i Hercegovine\" \/>\n<meta property=\"article:publisher\" content=\"https:\/\/www.facebook.com\/Samostalni-sindikat-%c5%a1umarstva-prerade-drveta-i-papira-BiH-1740799582820896\/?ref=page_internal\" \/>\n<meta property=\"article:modified_time\" content=\"2020-10-18T09:02:20+00:00\" \/>\n<meta name=\"twitter:card\" content=\"summary_large_image\" \/>\n<meta name=\"twitter:label1\" content=\"Est. reading time\" \/>\n\t<meta name=\"twitter:data1\" content=\"3 minutes\" \/>\n<script type=\"application\/ld+json\" class=\"yoast-schema-graph\">{\"@context\":\"https:\/\/schema.org\",\"@graph\":[{\"@type\":\"WebPage\",\"@id\":\"https:\/\/ssspdp.ba\/?page_id=45\",\"url\":\"https:\/\/ssspdp.ba\/?page_id=45\",\"name\":\"O sindikatu - Samostalni sindikat \u0161umarstva, prerade drveta i papira Bosne i Hercegovine\",\"isPartOf\":{\"@id\":\"https:\/\/ssspdp.ba\/#website\"},\"datePublished\":\"2020-10-03T16:25:01+00:00\",\"dateModified\":\"2020-10-18T09:02:20+00:00\",\"breadcrumb\":{\"@id\":\"https:\/\/ssspdp.ba\/?page_id=45#breadcrumb\"},\"inLanguage\":\"en-US\",\"potentialAction\":[{\"@type\":\"ReadAction\",\"target\":[\"https:\/\/ssspdp.ba\/?page_id=45\"]}]},{\"@type\":\"BreadcrumbList\",\"@id\":\"https:\/\/ssspdp.ba\/?page_id=45#breadcrumb\",\"itemListElement\":[{\"@type\":\"ListItem\",\"position\":1,\"name\":\"Home\",\"item\":\"https:\/\/ssspdp.ba\/\"},{\"@type\":\"ListItem\",\"position\":2,\"name\":\"O sindikatu\"}]},{\"@type\":\"WebSite\",\"@id\":\"https:\/\/ssspdp.ba\/#website\",\"url\":\"https:\/\/ssspdp.ba\/\",\"name\":\"Samostalni sindikat \u0161umarstva, prerade drveta i papira Bosne i Hercegovine\",\"description\":\"\",\"publisher\":{\"@id\":\"https:\/\/ssspdp.ba\/#organization\"},\"potentialAction\":[{\"@type\":\"SearchAction\",\"target\":{\"@type\":\"EntryPoint\",\"urlTemplate\":\"https:\/\/ssspdp.ba\/?s={search_term_string}\"},\"query-input\":{\"@type\":\"PropertyValueSpecification\",\"valueRequired\":true,\"valueName\":\"search_term_string\"}}],\"inLanguage\":\"en-US\"},{\"@type\":\"Organization\",\"@id\":\"https:\/\/ssspdp.ba\/#organization\",\"name\":\"Samostalni sindikat \u0161umarstva, prerade drveta i papira Bosne i Hercegovine\",\"url\":\"https:\/\/ssspdp.ba\/\",\"logo\":{\"@type\":\"ImageObject\",\"inLanguage\":\"en-US\",\"@id\":\"https:\/\/ssspdp.ba\/#\/schema\/logo\/image\/\",\"url\":\"https:\/\/ssspdp.ba\/wp-content\/uploads\/2020\/10\/web-logo.png\",\"contentUrl\":\"https:\/\/ssspdp.ba\/wp-content\/uploads\/2020\/10\/web-logo.png\",\"width\":623,\"height\":100,\"caption\":\"Samostalni sindikat \u0161umarstva, prerade drveta i papira Bosne i Hercegovine\"},\"image\":{\"@id\":\"https:\/\/ssspdp.ba\/#\/schema\/logo\/image\/\"},\"sameAs\":[\"https:\/\/www.facebook.com\/Samostalni-sindikat-\u0161umarstva-prerade-drveta-i-papira-BiH-1740799582820896\/?ref=page_internal\"]}]}<\/script>\n<!-- \/ Yoast SEO plugin. -->","yoast_head_json":{"title":"O sindikatu - Samostalni sindikat \u0161umarstva, prerade drveta i papira Bosne i Hercegovine","robots":{"index":"index","follow":"follow","max-snippet":"max-snippet:-1","max-image-preview":"max-image-preview:large","max-video-preview":"max-video-preview:-1"},"canonical":"https:\/\/ssspdp.ba\/?page_id=45","og_locale":"en_US","og_type":"article","og_title":"O sindikatu - Samostalni sindikat \u0161umarstva, prerade drveta i papira Bosne i Hercegovine","og_description":"Samostalni sindikat \u0161umarstva, prerade drveta i papira Bosne i Hercegovine\u00a0(skra\u0107eno:\u00a0SS\u0160PDP BiH) je osnovan\u00a030. maja 1990.\u00a0godine i registrovan kao samostalna organizacija. Me\u0111utim, prvi Savez drvodjelskih radnika osnovan je 26. oktobra 1905. godine, od kada se mo\u017ee pratiti historija ovog Sindikata. SS\u0160PDP BiH sada broji oko 10.200 \u010dlanova, u okviru bran\u0161i \u0161umarstva, prerade drveta i papira. Sindikat [&hellip;]","og_url":"https:\/\/ssspdp.ba\/?page_id=45","og_site_name":"Samostalni sindikat \u0161umarstva, prerade drveta i papira Bosne i Hercegovine","article_publisher":"https:\/\/www.facebook.com\/Samostalni-sindikat-%c5%a1umarstva-prerade-drveta-i-papira-BiH-1740799582820896\/?ref=page_internal","article_modified_time":"2020-10-18T09:02:20+00:00","twitter_card":"summary_large_image","twitter_misc":{"Est. reading time":"3 minutes"},"schema":{"@context":"https:\/\/schema.org","@graph":[{"@type":"WebPage","@id":"https:\/\/ssspdp.ba\/?page_id=45","url":"https:\/\/ssspdp.ba\/?page_id=45","name":"O sindikatu - Samostalni sindikat \u0161umarstva, prerade drveta i papira Bosne i Hercegovine","isPartOf":{"@id":"https:\/\/ssspdp.ba\/#website"},"datePublished":"2020-10-03T16:25:01+00:00","dateModified":"2020-10-18T09:02:20+00:00","breadcrumb":{"@id":"https:\/\/ssspdp.ba\/?page_id=45#breadcrumb"},"inLanguage":"en-US","potentialAction":[{"@type":"ReadAction","target":["https:\/\/ssspdp.ba\/?page_id=45"]}]},{"@type":"BreadcrumbList","@id":"https:\/\/ssspdp.ba\/?page_id=45#breadcrumb","itemListElement":[{"@type":"ListItem","position":1,"name":"Home","item":"https:\/\/ssspdp.ba\/"},{"@type":"ListItem","position":2,"name":"O sindikatu"}]},{"@type":"WebSite","@id":"https:\/\/ssspdp.ba\/#website","url":"https:\/\/ssspdp.ba\/","name":"Samostalni sindikat \u0161umarstva, prerade drveta i papira Bosne i Hercegovine","description":"","publisher":{"@id":"https:\/\/ssspdp.ba\/#organization"},"potentialAction":[{"@type":"SearchAction","target":{"@type":"EntryPoint","urlTemplate":"https:\/\/ssspdp.ba\/?s={search_term_string}"},"query-input":{"@type":"PropertyValueSpecification","valueRequired":true,"valueName":"search_term_string"}}],"inLanguage":"en-US"},{"@type":"Organization","@id":"https:\/\/ssspdp.ba\/#organization","name":"Samostalni sindikat \u0161umarstva, prerade drveta i papira Bosne i Hercegovine","url":"https:\/\/ssspdp.ba\/","logo":{"@type":"ImageObject","inLanguage":"en-US","@id":"https:\/\/ssspdp.ba\/#\/schema\/logo\/image\/","url":"https:\/\/ssspdp.ba\/wp-content\/uploads\/2020\/10\/web-logo.png","contentUrl":"https:\/\/ssspdp.ba\/wp-content\/uploads\/2020\/10\/web-logo.png","width":623,"height":100,"caption":"Samostalni sindikat \u0161umarstva, prerade drveta i papira Bosne i Hercegovine"},"image":{"@id":"https:\/\/ssspdp.ba\/#\/schema\/logo\/image\/"},"sameAs":["https:\/\/www.facebook.com\/Samostalni-sindikat-\u0161umarstva-prerade-drveta-i-papira-BiH-1740799582820896\/?ref=page_internal"]}]}},"_links":{"self":[{"href":"https:\/\/ssspdp.ba\/index.php?rest_route=\/wp\/v2\/pages\/45"}],"collection":[{"href":"https:\/\/ssspdp.ba\/index.php?rest_route=\/wp\/v2\/pages"}],"about":[{"href":"https:\/\/ssspdp.ba\/index.php?rest_route=\/wp\/v2\/types\/page"}],"author":[{"embeddable":true,"href":"https:\/\/ssspdp.ba\/index.php?rest_route=\/wp\/v2\/users\/1"}],"replies":[{"embeddable":true,"href":"https:\/\/ssspdp.ba\/index.php?rest_route=%2Fwp%2Fv2%2Fcomments&post=45"}],"version-history":[{"count":7,"href":"https:\/\/ssspdp.ba\/index.php?rest_route=\/wp\/v2\/pages\/45\/revisions"}],"predecessor-version":[{"id":615,"href":"https:\/\/ssspdp.ba\/index.php?rest_route=\/wp\/v2\/pages\/45\/revisions\/615"}],"wp:attachment":[{"href":"https:\/\/ssspdp.ba\/index.php?rest_route=%2Fwp%2Fv2%2Fmedia&parent=45"}],"curies":[{"name":"wp","href":"https:\/\/api.w.org\/{rel}","templated":true}]}}