{"id":61,"date":"2020-10-03T17:35:04","date_gmt":"2020-10-03T16:35:04","guid":{"rendered":"http:\/\/novi-web.ssspdp.ba\/?page_id=61"},"modified":"2020-10-18T12:07:36","modified_gmt":"2020-10-18T11:07:36","slug":"statut-sindikata","status":"publish","type":"page","link":"https:\/\/ssspdp.ba\/?page_id=61","title":{"rendered":"Statut sindikata"},"content":{"rendered":"<p>[et_pb_section fb_built=&#8221;1&#8243; fullwidth=&#8221;on&#8221; _builder_version=&#8221;4.6.5&#8243; _module_preset=&#8221;default&#8221;][et_pb_fullwidth_image src=&#8221;http:\/\/ssspdp.ba\/wp-content\/uploads\/2020\/10\/organizacija.jpg&#8221; title_text=&#8221;organizacija&#8221; _builder_version=&#8221;4.6.5&#8243; _module_preset=&#8221;default&#8221;][\/et_pb_fullwidth_image][\/et_pb_section][et_pb_section fb_built=&#8221;1&#8243; _builder_version=&#8221;4.6.6&#8243; _module_preset=&#8221;default&#8221; custom_padding=&#8221;40px||40px||false|false&#8221;][et_pb_row _builder_version=&#8221;4.6.5&#8243; _module_preset=&#8221;default&#8221;][et_pb_column type=&#8221;4_4&#8243; _builder_version=&#8221;4.6.5&#8243; _module_preset=&#8221;default&#8221;][et_pb_post_title meta=&#8221;off&#8221; featured_image=&#8221;off&#8221; _builder_version=&#8221;4.6.6&#8243; _module_preset=&#8221;default&#8221; title_font=&#8221;Montserrat|600||on|||||&#8221; custom_padding=&#8221;5px||20px||false|false&#8221;][\/et_pb_post_title][\/et_pb_column][\/et_pb_row][et_pb_row _builder_version=&#8221;4.6.5&#8243; _module_preset=&#8221;default&#8221; custom_margin=&#8221;-30px|auto||auto||&#8221; custom_padding=&#8221;19px|||||&#8221;][et_pb_column type=&#8221;4_4&#8243; _builder_version=&#8221;4.6.5&#8243; _module_preset=&#8221;default&#8221;][et_pb_text _builder_version=&#8221;4.6.5&#8243; _module_preset=&#8221;default&#8221;]<strong>I OP\u0160TE ODREDBE <\/strong><br \/>\n<strong>\u2013 \u010clan 1.<\/strong><\/p>\n<p><strong>II NAZIV SINDIKATA, SKRA\u0106ENI NAZIV I SJEDI\u0160TE <\/strong><br \/>\n<strong>\u2013 \u010clan 3; 4; 5; 6.<\/strong><\/p>\n<p><strong>III CILJEVI, ODNOSNO DJELATNOSTI UDRU\u017dENJA <\/strong><br \/>\n<strong>\u2013 \u010clan 7. i 8.<\/strong><\/p>\n<p><strong>IV ORGANIZACIJA SINDIKATA I PRINCIPI <\/strong><br \/>\n<strong>\u2013 \u010clan 9; 10; 11.<\/strong><\/p>\n<ul>\n<li>Sindikalna podru\u017enica \u2013 \u010clan 12.<\/li>\n<li>Organi sindikalne podru\u017enice \u2013 \u010clan 13; 14; 15; 16.<\/li>\n<li>Osnovni zadaci povjereni\u0161tva \u2013 povjerenika \u2013 \u010clan 17; 18.<\/li>\n<li>Kantonalni\/\u017dupanijski, odnosno regionalni odbor \u2013 \u010clan 19.<\/li>\n<li>Kantonalni\/\u017dupanijski, odnosno regionalni predsjednik, \u010clan 20.<\/li>\n<\/ul>\n<p><strong>V POSTUPAK ZA PRIMANJE I ISKLJU\u010cIVANJE \u010cLANOVA <\/strong><br \/>\n<strong>\u2013 \u010clan 21; 22; 23.<\/strong><\/p>\n<ul>\n<li>Prestanak \u010dlanstva \u2013 \u010clan 24.<\/li>\n<li>Istupanje \u2013 \u010clan 25.<\/li>\n<li>Isklju\u010denje \u2013 \u010clan 26; 27.<\/li>\n<li>Ponovno primanje \u2013 \u010clan 28.<\/li>\n<li>Rje\u0161avanje sporova \u2013 \u010clan 29.<\/li>\n<li>Prava \u010dlanova \u2013 \u010clan 30.<\/li>\n<li>Pravna za\u0161tita \u2013 \u010clan 31; 32; 33.<\/li>\n<\/ul>\n<p><strong>VI ORGANI SINDIKATA I PREDSJEDNIK, NA\u010cIN NA KOJI SE BIRAJU, OVLA\u0160TENJA KOJA IMAJU, KVORUM I PRVILA GLASANJA; TRAJANJE MANDATA <\/strong><br \/>\n<strong>\u2013 \u010clan 34.<\/strong><\/p>\n<ul>\n<li>Kongres \u2013 \u010clan 35; 36.<\/li>\n<li>Sindikalni izbori \u2013 \u010clan 37.<\/li>\n<li>Glavni odbor \u2013 \u010clan 39; 40.<\/li>\n<li>Predsjedni\u0161tvo \u2013 \u010clan 41; 42.<\/li>\n<li>Predsjednik \u2013 \u010clan 43.<\/li>\n<li>Sekretar Glavnog odbora \u2013 \u010clan 44.<\/li>\n<li>Nadzorni odbor \u2013 \u010clan 45.<\/li>\n<li>Statutarna komisija \u2013 \u010clan 46.<\/li>\n<\/ul>\n<p><strong>VII KADROVSKA POLITIKA <\/strong><br \/>\n<strong>\u2013 \u010clan 50.<\/strong><\/p>\n<ul>\n<li>Djelovanje sindikata za vrijeme ratnog \u2013 vanrednog stanja u BiH \u2013 \u010caln 51.<\/li>\n<\/ul>\n<p><strong>VIII PRAVILA ZA OSTVARIVANJE, KORI\u0160TENJE I RASPOLAGANJE SREDSTVIMA SINDIKATA I NADZOR NAD KORI\u0160TENJEM SREDSTAVA <\/strong><br \/>\n<strong>\u2013 \u010clan 52; 53; 54; 55.<\/strong><\/p>\n<p><strong>IX JAVNOST RADA <\/strong><br \/>\n<strong>\u2013 \u010clan 56; 57.<\/strong><\/p>\n<p><strong>X POSTUPAK ZA IZMJENU I DOPUNU STATUTA, OVLA\u0160TENJA I NA\u010cIN DONO\u0160ENJA DRUGIH OP\u0106IH AKATA <\/strong><br \/>\n<strong>\u2013 \u010clan 58; 59; 60; 61; 62.<\/strong><\/p>\n<p><strong>XI OBILJE\u017dJA I PE\u010cAT SINDIKATA <\/strong><br \/>\n<strong>\u2013 \u010clan 63; 64; 65; 66.<\/strong><\/p>\n<p><strong>XII ZASTUPANJE <\/strong><br \/>\n<strong>\u2013 \u010clan 67.<\/strong><\/p>\n<p><strong>XIII ADMINISTRATIVNI I STRU\u010cNI RAD <\/strong><br \/>\n<strong>\u2013 \u010clan 68.<\/strong><\/p>\n<p><strong>XIV OBRAZOVANJE <\/strong><br \/>\n<strong>\u2013 \u010clan 69.<\/strong><\/p>\n<p><strong>XV KOLEKTIVNI UGOVOR <\/strong><br \/>\n<strong>\u2013 \u010clan 70.<\/strong><\/p>\n<p><strong>XVI \u0160TRAJK I ZA\u0160TITNE MJERE <\/strong><br \/>\n<strong>\u2013 \u010clan 71.<\/strong><\/p>\n<p><strong>XVII \u010cLANSTVO \u2013 UDRU\u017dIVANJE <\/strong><br \/>\n<strong>\u2013 \u010clan 72.<\/strong><\/p>\n<p><strong>XVIII USLOVI I POSTUPAK ZA PRIPAJANJE, RAZDVAJANJE ILI RASPU\u0160TANJE, ODNOSNO PRESTANAK SINDIKATA <\/strong><br \/>\n<strong>\u2013 \u010clan 73; 74; 75; 76; 77.<\/strong><\/p>\n<p><strong>XIX POSTUPAK ZA RASPOLAGANJE PREOSTALOM IMOVINOM ILI DRUGIM SREDSTVIMA U SLU\u010cAJU RASPU\u0160TANJA ILI PRESTANKA RADA SINDIKATA <\/strong><br \/>\n<strong>\u2013 \u010clan 78; 79<\/strong><\/p>\n<p><strong>XX PRELAZNE I ZAVR\u0160NE ODREDBE <\/strong><br \/>\n<strong>\u2013 \u010clan 80; 81; 82.<\/strong>[\/et_pb_text][\/et_pb_column][\/et_pb_row][\/et_pb_section]<\/p>\n<span class=\"et_bloom_bottom_trigger\"><\/span>","protected":false},"excerpt":{"rendered":"<p>I OP\u0160TE ODREDBE \u2013 \u010clan 1. II NAZIV SINDIKATA, SKRA\u0106ENI NAZIV I SJEDI\u0160TE \u2013 \u010clan 3; 4; 5; 6. III CILJEVI, ODNOSNO DJELATNOSTI UDRU\u017dENJA \u2013 \u010clan 7. i 8. IV ORGANIZACIJA SINDIKATA I PRINCIPI \u2013 \u010clan 9; 10; 11. Sindikalna podru\u017enica \u2013 \u010clan 12. Organi sindikalne podru\u017enice \u2013 \u010clan 13; 14; 15; 16. Osnovni zadaci [&hellip;]<\/p>\n","protected":false},"author":1,"featured_media":0,"parent":45,"menu_order":0,"comment_status":"closed","ping_status":"closed","template":"","meta":{"_et_pb_use_builder":"on","_et_pb_old_content":"","_et_gb_content_width":"","footnotes":""},"class_list":["post-61","page","type-page","status-publish","hentry"],"yoast_head":"<!-- This site is optimized with the Yoast SEO plugin v27.5 - https:\/\/yoast.com\/product\/yoast-seo-wordpress\/ -->\n<title>Statut sindikata - Samostalni sindikat \u0161umarstva, prerade drveta i papira Bosne i Hercegovine<\/title>\n<meta name=\"robots\" content=\"index, follow, max-snippet:-1, max-image-preview:large, max-video-preview:-1\" \/>\n<link rel=\"canonical\" href=\"https:\/\/ssspdp.ba\/?page_id=61\" \/>\n<meta property=\"og:locale\" content=\"en_US\" \/>\n<meta property=\"og:type\" content=\"article\" \/>\n<meta property=\"og:title\" content=\"Statut sindikata - Samostalni sindikat \u0161umarstva, prerade drveta i papira Bosne i Hercegovine\" \/>\n<meta property=\"og:description\" content=\"I OP\u0160TE ODREDBE \u2013 \u010clan 1. II NAZIV SINDIKATA, SKRA\u0106ENI NAZIV I SJEDI\u0160TE \u2013 \u010clan 3; 4; 5; 6. III CILJEVI, ODNOSNO DJELATNOSTI UDRU\u017dENJA \u2013 \u010clan 7. i 8. IV ORGANIZACIJA SINDIKATA I PRINCIPI \u2013 \u010clan 9; 10; 11. Sindikalna podru\u017enica \u2013 \u010clan 12. Organi sindikalne podru\u017enice \u2013 \u010clan 13; 14; 15; 16. Osnovni zadaci [&hellip;]\" \/>\n<meta property=\"og:url\" content=\"https:\/\/ssspdp.ba\/?page_id=61\" \/>\n<meta property=\"og:site_name\" content=\"Samostalni sindikat \u0161umarstva, prerade drveta i papira Bosne i Hercegovine\" \/>\n<meta property=\"article:publisher\" content=\"https:\/\/www.facebook.com\/Samostalni-sindikat-%c5%a1umarstva-prerade-drveta-i-papira-BiH-1740799582820896\/?ref=page_internal\" \/>\n<meta property=\"article:modified_time\" content=\"2020-10-18T11:07:36+00:00\" \/>\n<meta name=\"twitter:card\" content=\"summary_large_image\" \/>\n<meta name=\"twitter:label1\" content=\"Est. reading time\" \/>\n\t<meta name=\"twitter:data1\" content=\"2 minutes\" \/>\n<script type=\"application\/ld+json\" class=\"yoast-schema-graph\">{\"@context\":\"https:\\\/\\\/schema.org\",\"@graph\":[{\"@type\":\"WebPage\",\"@id\":\"https:\\\/\\\/ssspdp.ba\\\/?page_id=61\",\"url\":\"https:\\\/\\\/ssspdp.ba\\\/?page_id=61\",\"name\":\"Statut sindikata - Samostalni sindikat \u0161umarstva, prerade drveta i papira Bosne i Hercegovine\",\"isPartOf\":{\"@id\":\"https:\\\/\\\/ssspdp.ba\\\/#website\"},\"datePublished\":\"2020-10-03T16:35:04+00:00\",\"dateModified\":\"2020-10-18T11:07:36+00:00\",\"breadcrumb\":{\"@id\":\"https:\\\/\\\/ssspdp.ba\\\/?page_id=61#breadcrumb\"},\"inLanguage\":\"en-US\",\"potentialAction\":[{\"@type\":\"ReadAction\",\"target\":[\"https:\\\/\\\/ssspdp.ba\\\/?page_id=61\"]}]},{\"@type\":\"BreadcrumbList\",\"@id\":\"https:\\\/\\\/ssspdp.ba\\\/?page_id=61#breadcrumb\",\"itemListElement\":[{\"@type\":\"ListItem\",\"position\":1,\"name\":\"Home\",\"item\":\"https:\\\/\\\/ssspdp.ba\\\/\"},{\"@type\":\"ListItem\",\"position\":2,\"name\":\"O sindikatu\",\"item\":\"https:\\\/\\\/ssspdp.ba\\\/?page_id=45\"},{\"@type\":\"ListItem\",\"position\":3,\"name\":\"Statut sindikata\"}]},{\"@type\":\"WebSite\",\"@id\":\"https:\\\/\\\/ssspdp.ba\\\/#website\",\"url\":\"https:\\\/\\\/ssspdp.ba\\\/\",\"name\":\"Samostalni sindikat \u0161umarstva, prerade drveta i papira Bosne i Hercegovine\",\"description\":\"\",\"publisher\":{\"@id\":\"https:\\\/\\\/ssspdp.ba\\\/#organization\"},\"potentialAction\":[{\"@type\":\"SearchAction\",\"target\":{\"@type\":\"EntryPoint\",\"urlTemplate\":\"https:\\\/\\\/ssspdp.ba\\\/?s={search_term_string}\"},\"query-input\":{\"@type\":\"PropertyValueSpecification\",\"valueRequired\":true,\"valueName\":\"search_term_string\"}}],\"inLanguage\":\"en-US\"},{\"@type\":\"Organization\",\"@id\":\"https:\\\/\\\/ssspdp.ba\\\/#organization\",\"name\":\"Samostalni sindikat \u0161umarstva, prerade drveta i papira Bosne i Hercegovine\",\"url\":\"https:\\\/\\\/ssspdp.ba\\\/\",\"logo\":{\"@type\":\"ImageObject\",\"inLanguage\":\"en-US\",\"@id\":\"https:\\\/\\\/ssspdp.ba\\\/#\\\/schema\\\/logo\\\/image\\\/\",\"url\":\"https:\\\/\\\/ssspdp.ba\\\/wp-content\\\/uploads\\\/2020\\\/10\\\/web-logo.png\",\"contentUrl\":\"https:\\\/\\\/ssspdp.ba\\\/wp-content\\\/uploads\\\/2020\\\/10\\\/web-logo.png\",\"width\":623,\"height\":100,\"caption\":\"Samostalni sindikat \u0161umarstva, prerade drveta i papira Bosne i Hercegovine\"},\"image\":{\"@id\":\"https:\\\/\\\/ssspdp.ba\\\/#\\\/schema\\\/logo\\\/image\\\/\"},\"sameAs\":[\"https:\\\/\\\/www.facebook.com\\\/Samostalni-sindikat-\u0161umarstva-prerade-drveta-i-papira-BiH-1740799582820896\\\/?ref=page_internal\"]}]}<\/script>\n<!-- \/ Yoast SEO plugin. -->","yoast_head_json":{"title":"Statut sindikata - Samostalni sindikat \u0161umarstva, prerade drveta i papira Bosne i Hercegovine","robots":{"index":"index","follow":"follow","max-snippet":"max-snippet:-1","max-image-preview":"max-image-preview:large","max-video-preview":"max-video-preview:-1"},"canonical":"https:\/\/ssspdp.ba\/?page_id=61","og_locale":"en_US","og_type":"article","og_title":"Statut sindikata - Samostalni sindikat \u0161umarstva, prerade drveta i papira Bosne i Hercegovine","og_description":"I OP\u0160TE ODREDBE \u2013 \u010clan 1. II NAZIV SINDIKATA, SKRA\u0106ENI NAZIV I SJEDI\u0160TE \u2013 \u010clan 3; 4; 5; 6. III CILJEVI, ODNOSNO DJELATNOSTI UDRU\u017dENJA \u2013 \u010clan 7. i 8. IV ORGANIZACIJA SINDIKATA I PRINCIPI \u2013 \u010clan 9; 10; 11. Sindikalna podru\u017enica \u2013 \u010clan 12. Organi sindikalne podru\u017enice \u2013 \u010clan 13; 14; 15; 16. Osnovni zadaci [&hellip;]","og_url":"https:\/\/ssspdp.ba\/?page_id=61","og_site_name":"Samostalni sindikat \u0161umarstva, prerade drveta i papira Bosne i Hercegovine","article_publisher":"https:\/\/www.facebook.com\/Samostalni-sindikat-%c5%a1umarstva-prerade-drveta-i-papira-BiH-1740799582820896\/?ref=page_internal","article_modified_time":"2020-10-18T11:07:36+00:00","twitter_card":"summary_large_image","twitter_misc":{"Est. reading time":"2 minutes"},"schema":{"@context":"https:\/\/schema.org","@graph":[{"@type":"WebPage","@id":"https:\/\/ssspdp.ba\/?page_id=61","url":"https:\/\/ssspdp.ba\/?page_id=61","name":"Statut sindikata - Samostalni sindikat \u0161umarstva, prerade drveta i papira Bosne i Hercegovine","isPartOf":{"@id":"https:\/\/ssspdp.ba\/#website"},"datePublished":"2020-10-03T16:35:04+00:00","dateModified":"2020-10-18T11:07:36+00:00","breadcrumb":{"@id":"https:\/\/ssspdp.ba\/?page_id=61#breadcrumb"},"inLanguage":"en-US","potentialAction":[{"@type":"ReadAction","target":["https:\/\/ssspdp.ba\/?page_id=61"]}]},{"@type":"BreadcrumbList","@id":"https:\/\/ssspdp.ba\/?page_id=61#breadcrumb","itemListElement":[{"@type":"ListItem","position":1,"name":"Home","item":"https:\/\/ssspdp.ba\/"},{"@type":"ListItem","position":2,"name":"O sindikatu","item":"https:\/\/ssspdp.ba\/?page_id=45"},{"@type":"ListItem","position":3,"name":"Statut sindikata"}]},{"@type":"WebSite","@id":"https:\/\/ssspdp.ba\/#website","url":"https:\/\/ssspdp.ba\/","name":"Samostalni sindikat \u0161umarstva, prerade drveta i papira Bosne i Hercegovine","description":"","publisher":{"@id":"https:\/\/ssspdp.ba\/#organization"},"potentialAction":[{"@type":"SearchAction","target":{"@type":"EntryPoint","urlTemplate":"https:\/\/ssspdp.ba\/?s={search_term_string}"},"query-input":{"@type":"PropertyValueSpecification","valueRequired":true,"valueName":"search_term_string"}}],"inLanguage":"en-US"},{"@type":"Organization","@id":"https:\/\/ssspdp.ba\/#organization","name":"Samostalni sindikat \u0161umarstva, prerade drveta i papira Bosne i Hercegovine","url":"https:\/\/ssspdp.ba\/","logo":{"@type":"ImageObject","inLanguage":"en-US","@id":"https:\/\/ssspdp.ba\/#\/schema\/logo\/image\/","url":"https:\/\/ssspdp.ba\/wp-content\/uploads\/2020\/10\/web-logo.png","contentUrl":"https:\/\/ssspdp.ba\/wp-content\/uploads\/2020\/10\/web-logo.png","width":623,"height":100,"caption":"Samostalni sindikat \u0161umarstva, prerade drveta i papira Bosne i Hercegovine"},"image":{"@id":"https:\/\/ssspdp.ba\/#\/schema\/logo\/image\/"},"sameAs":["https:\/\/www.facebook.com\/Samostalni-sindikat-\u0161umarstva-prerade-drveta-i-papira-BiH-1740799582820896\/?ref=page_internal"]}]}},"_links":{"self":[{"href":"https:\/\/ssspdp.ba\/index.php?rest_route=\/wp\/v2\/pages\/61","targetHints":{"allow":["GET"]}}],"collection":[{"href":"https:\/\/ssspdp.ba\/index.php?rest_route=\/wp\/v2\/pages"}],"about":[{"href":"https:\/\/ssspdp.ba\/index.php?rest_route=\/wp\/v2\/types\/page"}],"author":[{"embeddable":true,"href":"https:\/\/ssspdp.ba\/index.php?rest_route=\/wp\/v2\/users\/1"}],"replies":[{"embeddable":true,"href":"https:\/\/ssspdp.ba\/index.php?rest_route=%2Fwp%2Fv2%2Fcomments&post=61"}],"version-history":[{"count":5,"href":"https:\/\/ssspdp.ba\/index.php?rest_route=\/wp\/v2\/pages\/61\/revisions"}],"predecessor-version":[{"id":659,"href":"https:\/\/ssspdp.ba\/index.php?rest_route=\/wp\/v2\/pages\/61\/revisions\/659"}],"up":[{"embeddable":true,"href":"https:\/\/ssspdp.ba\/index.php?rest_route=\/wp\/v2\/pages\/45"}],"wp:attachment":[{"href":"https:\/\/ssspdp.ba\/index.php?rest_route=%2Fwp%2Fv2%2Fmedia&parent=61"}],"curies":[{"name":"wp","href":"https:\/\/api.w.org\/{rel}","templated":true}]}}